{"id":5027,"date":"2025-12-18T10:00:40","date_gmt":"2025-12-18T09:00:40","guid":{"rendered":"https:\/\/elitevtcparis.fr\/?page_id=5027"},"modified":"2025-12-19T17:17:32","modified_gmt":"2025-12-19T16:17:32","slug":"preisliste","status":"publish","type":"page","link":"https:\/\/elitevtcparis.fr\/de\/grille-tarifaire\/","title":{"rendered":"Preisliste"},"content":{"rendered":"<div data-elementor-type=\"wp-page\" data-elementor-id=\"5027\" class=\"elementor elementor-5027\" data-elementor-post-type=\"page\">\n\t\t\t\t<div class=\"elementor-element elementor-element-c8a0ae5 e-flex e-con-boxed e-con e-parent\" data-id=\"c8a0ae5\" data-element_type=\"container\" data-e-type=\"container\">\n\t\t\t\t\t<div class=\"e-con-inner\">\n\t\t\t\t<div class=\"elementor-element elementor-element-92c0853 elementor-widget elementor-widget-heading\" data-id=\"92c0853\" data-element_type=\"widget\" data-e-type=\"widget\" data-widget_type=\"heading.default\">\n\t\t\t\t<div class=\"elementor-widget-container\">\n\t\t\t\t\t<h2 class=\"elementor-heading-title elementor-size-default\">Elite VTC Paris \u2013 Preisliste<\/h2>\t\t\t\t<\/div>\n\t\t\t\t<\/div>\n\t\t\t\t<div class=\"elementor-element elementor-element-bbdc97e elementor-widget elementor-widget-text-editor\" data-id=\"bbdc97e\" data-element_type=\"widget\" data-e-type=\"widget\" data-widget_type=\"text-editor.default\">\n\t\t\t\t<div class=\"elementor-widget-container\">\n\t\t\t\t\t\t\t\t\t<div style=\"max-width: 900px; margin: auto; background: #ffffff; padding: 20px; font-family: Arial,sans-serif;\"><div style=\"color: #f5a623; font-weight: bold; margin-top: 30px; margin-bottom: 10px;\">Stadteinkauf \u2013 Limousine (Luxusfahrzeug)<\/div><table style=\"width: 100%; border-collapse: collapse; margin-bottom: 20px;\"><tbody><tr><td style=\"border: 1px solid #ccc; padding: 8px;\">Unterst\u00fctzung<\/td><td style=\"border: 1px solid #ccc; padding: 8px;\">6 \u20ac<\/td><\/tr><tr><td style=\"border: 1px solid #ccc; padding: 8px;\">Preis pro Kilometer<\/td><td style=\"border: 1px solid #ccc; padding: 8px;\">2,80 \u20ac \/ km<\/td><\/tr><tr><td style=\"border: 1px solid #ccc; padding: 8px;\">Verf\u00fcgbarkeit (mindestens 4 Stunden)<\/td><td style=\"border: 1px solid #ccc; padding: 8px;\">\u00a0<\/td><\/tr><tr><td style=\"border: 1px solid #ccc; padding: 8px;\">Zu der Zeit<\/td><td style=\"border: 1px solid #ccc; padding: 8px;\">70 \u20ac \/ Stunde<\/td><\/tr><tr><td style=\"border: 1px solid #ccc; padding: 8px;\">Halbtags (4 Stunden)<\/td><td style=\"border: 1px solid #ccc; padding: 8px;\">280 \u20ac<\/td><\/tr><tr><td style=\"border: 1px solid #ccc; padding: 8px;\">Tag (8 Stunden)<\/td><td style=\"border: 1px solid #ccc; padding: 8px;\">560 \u20ac<\/td><\/tr><tr><td style=\"border: 1px solid #ccc; padding: 8px;\">Mindesttarif<\/td><td style=\"border: 1px solid #ccc; padding: 8px;\">20 \u20ac<\/td><\/tr><\/tbody><\/table><div style=\"color: #f5a623; font-weight: bold; margin-top: 30px; margin-bottom: 10px;\">Stadteinkauf \u2013 Kleinbus (bis zu 7 Fahrg\u00e4ste)<\/div><table style=\"width: 100%; border-collapse: collapse; margin-bottom: 20px;\"><tbody><tr><td style=\"border: 1px solid #ccc; padding: 8px;\">Unterst\u00fctzung<\/td><td style=\"border: 1px solid #ccc; padding: 8px;\">8 \u20ac<\/td><\/tr><tr><td style=\"border: 1px solid #ccc; padding: 8px;\">Preis pro Kilometer<\/td><td style=\"border: 1px solid #ccc; padding: 8px;\">3,80 \u20ac \/ km<\/td><\/tr><tr><td style=\"border: 1px solid #ccc; padding: 8px;\">Verf\u00fcgbarkeit (mindestens 4 Stunden)<\/td><td style=\"border: 1px solid #ccc; padding: 8px;\">\u00a0<\/td><\/tr><tr><td style=\"border: 1px solid #ccc; padding: 8px;\">Zu der Zeit<\/td><td style=\"border: 1px solid #ccc; padding: 8px;\">90 \u20ac \/ Stunde<\/td><\/tr><tr><td style=\"border: 1px solid #ccc; padding: 8px;\">Halbtags (4 Stunden)<\/td><td style=\"border: 1px solid #ccc; padding: 8px;\">360 \u20ac<\/td><\/tr><tr><td style=\"border: 1px solid #ccc; padding: 8px;\">Tag (8 Stunden)<\/td><td style=\"border: 1px solid #ccc; padding: 8px;\">720 \u20ac<\/td><\/tr><tr><td style=\"border: 1px solid #ccc; padding: 8px;\">Mindesttarif<\/td><td style=\"border: 1px solid #ccc; padding: 8px;\">30 \u20ac<\/td><\/tr><\/tbody><\/table><div style=\"color: #f5a623; font-weight: bold; margin-top: 30px; margin-bottom: 10px;\">Flughafenpakete<\/div><table style=\"width: 100%; border-collapse: collapse; margin-bottom: 20px;\"><tbody><tr><th style=\"border: 1px solid #ccc; padding: 8px; background: #f9f9f9; text-align: left;\">Route<\/th><th style=\"border: 1px solid #ccc; padding: 8px; background: #f9f9f9; text-align: left;\">Limousine<\/th><th style=\"border: 1px solid #ccc; padding: 8px; background: #f9f9f9; text-align: left;\">Van<\/th><\/tr><tr><td style=\"border: 1px solid #ccc; padding: 8px;\">Paris \u2194 Orly<\/td><td style=\"border: 1px solid #ccc; padding: 8px;\">75 \u20ac<\/td><td style=\"border: 1px solid #ccc; padding: 8px;\">95 \u20ac<\/td><\/tr><tr><td style=\"border: 1px solid #ccc; padding: 8px;\">Paris \u2194 Charles-de-Gaulle<\/td><td style=\"border: 1px solid #ccc; padding: 8px;\">95 \u20ac<\/td><td style=\"border: 1px solid #ccc; padding: 8px;\">120 \u20ac<\/td><\/tr><tr><td style=\"border: 1px solid #ccc; padding: 8px;\">Paris \u2194 Beauvais<\/td><td style=\"border: 1px solid #ccc; padding: 8px;\">150 \u20ac<\/td><td style=\"border: 1px solid #ccc; padding: 8px;\">180 \u20ac<\/td><\/tr><\/tbody><\/table><div style=\"color: #f5a623; font-weight: bold; margin-top: 30px; margin-bottom: 10px;\">Zuschlag<\/div><p style=\"font-size: 13px;\">Abends, nachts, an Wochenenden und Feiertagen (19:00 \u2013 7:00 Uhr): Zuschlag von 20 % auf alle Fahrten.<\/p><div style=\"color: #f5a623; font-weight: bold; margin-top: 30px; margin-bottom: 10px;\">Wartezeiten<\/div><p style=\"font-size: 13px;\">Abfl\u00fcge zu Flugh\u00e4fen: 30 Minuten Wartezeit werden angeboten.<br \/>Abfl\u00fcge von Flugh\u00e4fen: 1 Stunde kostenlose Wartezeit. Danach ist der Flugpreis f\u00e4llig.<\/p><\/div>\t\t\t\t\t\t\t\t<\/div>\n\t\t\t\t<\/div>\n\t\t\t\t\t<\/div>\n\t\t\t\t<\/div>\n\t\t\t\t<\/div>","protected":false},"excerpt":{"rendered":"<p>Elite VTC Paris \u2013 Grille tarifaire Courses en ville \u2013 Berline (V\u00e9hicule haut de gamme) Prise en charge 6 \u20ac Prix au kilom\u00e8tre 2,80 \u20ac \/ km Mise \u00e0 disposition (minimum 4h) \u00a0 \u00c0 l\u2019heure 70 \u20ac \/ heure Demi-journ\u00e9e (4h) 280 \u20ac Journ\u00e9e (8h) 560 \u20ac Tarif minimum de course 20 \u20ac Courses en [&hellip;]<\/p>\n","protected":false},"author":3,"featured_media":0,"parent":0,"menu_order":0,"comment_status":"closed","ping_status":"closed","template":"elementor_header_footer","meta":{"footnotes":""},"class_list":["post-5027","page","type-page","status-publish","hentry"],"yoast_head":"<!-- This site is optimized with the Yoast SEO plugin v27.5 - https:\/\/yoast.com\/product\/yoast-seo-wordpress\/ -->\n<title>Grille tarifaire - Elite VTC Paris<\/title>\n<meta name=\"robots\" content=\"index, follow, max-snippet:-1, max-image-preview:large, max-video-preview:-1\" \/>\n<link rel=\"canonical\" href=\"https:\/\/elitevtcparis.fr\/de\/preisliste\/\" \/>\n<meta name=\"twitter:label1\" content=\"Gesch\u00e4tzte Lesezeit\" \/>\n\t<meta name=\"twitter:data1\" content=\"1\u00a0Minute\" \/>\n<script type=\"application\/ld+json\" class=\"yoast-schema-graph\">{\"@context\":\"https:\\\/\\\/schema.org\",\"@graph\":[{\"@type\":\"WebPage\",\"@id\":\"https:\\\/\\\/elitevtcparis.fr\\\/grille-tarifaire\\\/\",\"url\":\"https:\\\/\\\/elitevtcparis.fr\\\/grille-tarifaire\\\/\",\"name\":\"Grille tarifaire - Elite VTC Paris\",\"isPartOf\":{\"@id\":\"https:\\\/\\\/elitevtcparis.fr\\\/#website\"},\"datePublished\":\"2025-12-18T09:00:40+00:00\",\"dateModified\":\"2025-12-19T16:17:32+00:00\",\"breadcrumb\":{\"@id\":\"https:\\\/\\\/elitevtcparis.fr\\\/grille-tarifaire\\\/#breadcrumb\"},\"inLanguage\":\"de\",\"potentialAction\":[{\"@type\":\"ReadAction\",\"target\":[\"https:\\\/\\\/elitevtcparis.fr\\\/grille-tarifaire\\\/\"]}]},{\"@type\":\"BreadcrumbList\",\"@id\":\"https:\\\/\\\/elitevtcparis.fr\\\/grille-tarifaire\\\/#breadcrumb\",\"itemListElement\":[{\"@type\":\"ListItem\",\"position\":1,\"name\":\"Accueil\",\"item\":\"https:\\\/\\\/elitevtcparis.fr\\\/\"},{\"@type\":\"ListItem\",\"position\":2,\"name\":\"Grille tarifaire\"}]},{\"@type\":\"WebSite\",\"@id\":\"https:\\\/\\\/elitevtcparis.fr\\\/#website\",\"url\":\"https:\\\/\\\/elitevtcparis.fr\\\/\",\"name\":\"Elite VTC Paris\",\"description\":\"R\u00e9server Chauffeur priv\u00e9 VTC \u00e0 Paris en berline et van \u00e9cologiques\",\"publisher\":{\"@id\":\"https:\\\/\\\/elitevtcparis.fr\\\/#organization\"},\"potentialAction\":[{\"@type\":\"SearchAction\",\"target\":{\"@type\":\"EntryPoint\",\"urlTemplate\":\"https:\\\/\\\/elitevtcparis.fr\\\/?s={search_term_string}\"},\"query-input\":{\"@type\":\"PropertyValueSpecification\",\"valueRequired\":true,\"valueName\":\"search_term_string\"}}],\"inLanguage\":\"de\"},{\"@type\":\"Organization\",\"@id\":\"https:\\\/\\\/elitevtcparis.fr\\\/#organization\",\"name\":\"Elite VTC Paris\",\"url\":\"https:\\\/\\\/elitevtcparis.fr\\\/\",\"logo\":{\"@type\":\"ImageObject\",\"inLanguage\":\"de\",\"@id\":\"https:\\\/\\\/elitevtcparis.fr\\\/#\\\/schema\\\/logo\\\/image\\\/\",\"url\":\"https:\\\/\\\/elitevtcparis.fr\\\/wp-content\\\/uploads\\\/2025\\\/12\\\/cropped-nouveau-logo-elite-vtc-paris-transparent.webp\",\"contentUrl\":\"https:\\\/\\\/elitevtcparis.fr\\\/wp-content\\\/uploads\\\/2025\\\/12\\\/cropped-nouveau-logo-elite-vtc-paris-transparent.webp\",\"width\":324,\"height\":249,\"caption\":\"Elite VTC Paris\"},\"image\":{\"@id\":\"https:\\\/\\\/elitevtcparis.fr\\\/#\\\/schema\\\/logo\\\/image\\\/\"}}]}<\/script>\n<!-- \/ Yoast SEO plugin. -->","yoast_head_json":{"title":"Preisliste - Elite VTC Paris","robots":{"index":"index","follow":"follow","max-snippet":"max-snippet:-1","max-image-preview":"max-image-preview:large","max-video-preview":"max-video-preview:-1"},"canonical":"https:\/\/elitevtcparis.fr\/de\/preisliste\/","twitter_misc":{"Gesch\u00e4tzte Lesezeit":"1\u00a0Minute"},"schema":{"@context":"https:\/\/schema.org","@graph":[{"@type":"WebPage","@id":"https:\/\/elitevtcparis.fr\/grille-tarifaire\/","url":"https:\/\/elitevtcparis.fr\/grille-tarifaire\/","name":"Preisliste - Elite VTC Paris","isPartOf":{"@id":"https:\/\/elitevtcparis.fr\/#website"},"datePublished":"2025-12-18T09:00:40+00:00","dateModified":"2025-12-19T16:17:32+00:00","breadcrumb":{"@id":"https:\/\/elitevtcparis.fr\/grille-tarifaire\/#breadcrumb"},"inLanguage":"de","potentialAction":[{"@type":"ReadAction","target":["https:\/\/elitevtcparis.fr\/grille-tarifaire\/"]}]},{"@type":"BreadcrumbList","@id":"https:\/\/elitevtcparis.fr\/grille-tarifaire\/#breadcrumb","itemListElement":[{"@type":"ListItem","position":1,"name":"Accueil","item":"https:\/\/elitevtcparis.fr\/"},{"@type":"ListItem","position":2,"name":"Grille tarifaire"}]},{"@type":"WebSite","@id":"https:\/\/elitevtcparis.fr\/#website","url":"https:\/\/elitevtcparis.fr\/","name":"Elite VTC Paris","description":"Buchen Sie einen privaten Chauffeurservice in Paris mit einer umweltfreundlichen Limousine oder einem Van.","publisher":{"@id":"https:\/\/elitevtcparis.fr\/#organization"},"potentialAction":[{"@type":"SearchAction","target":{"@type":"EntryPoint","urlTemplate":"https:\/\/elitevtcparis.fr\/?s={search_term_string}"},"query-input":{"@type":"PropertyValueSpecification","valueRequired":true,"valueName":"search_term_string"}}],"inLanguage":"de"},{"@type":"Organization","@id":"https:\/\/elitevtcparis.fr\/#organization","name":"Elite VTC Paris","url":"https:\/\/elitevtcparis.fr\/","logo":{"@type":"ImageObject","inLanguage":"de","@id":"https:\/\/elitevtcparis.fr\/#\/schema\/logo\/image\/","url":"https:\/\/elitevtcparis.fr\/wp-content\/uploads\/2025\/12\/cropped-nouveau-logo-elite-vtc-paris-transparent.webp","contentUrl":"https:\/\/elitevtcparis.fr\/wp-content\/uploads\/2025\/12\/cropped-nouveau-logo-elite-vtc-paris-transparent.webp","width":324,"height":249,"caption":"Elite VTC Paris"},"image":{"@id":"https:\/\/elitevtcparis.fr\/#\/schema\/logo\/image\/"}}]}},"_links":{"self":[{"href":"https:\/\/elitevtcparis.fr\/de\/wp-json\/wp\/v2\/pages\/5027","targetHints":{"allow":["GET"]}}],"collection":[{"href":"https:\/\/elitevtcparis.fr\/de\/wp-json\/wp\/v2\/pages"}],"about":[{"href":"https:\/\/elitevtcparis.fr\/de\/wp-json\/wp\/v2\/types\/page"}],"author":[{"embeddable":true,"href":"https:\/\/elitevtcparis.fr\/de\/wp-json\/wp\/v2\/users\/3"}],"replies":[{"embeddable":true,"href":"https:\/\/elitevtcparis.fr\/de\/wp-json\/wp\/v2\/comments?post=5027"}],"version-history":[{"count":37,"href":"https:\/\/elitevtcparis.fr\/de\/wp-json\/wp\/v2\/pages\/5027\/revisions"}],"predecessor-version":[{"id":5075,"href":"https:\/\/elitevtcparis.fr\/de\/wp-json\/wp\/v2\/pages\/5027\/revisions\/5075"}],"wp:attachment":[{"href":"https:\/\/elitevtcparis.fr\/de\/wp-json\/wp\/v2\/media?parent=5027"}],"curies":[{"name":"wp","href":"https:\/\/api.w.org\/{rel}","templated":true}]}}