{"id":6,"date":"2019-03-04T14:21:05","date_gmt":"2019-03-04T13:21:05","guid":{"rendered":"https:\/\/elitevtcparis.fr\/?page_id=6"},"modified":"2025-07-23T09:36:43","modified_gmt":"2025-07-23T07:36:43","slug":"legal-notices","status":"publish","type":"page","link":"https:\/\/elitevtcparis.fr\/en\/mentions-legales\/","title":{"rendered":"Legal Notices"},"content":{"rendered":"<div data-elementor-type=\"wp-post\" data-elementor-id=\"6\" class=\"elementor elementor-6\" data-elementor-post-type=\"page\">\n\t\t\t\t\t\t<section class=\"elementor-section elementor-top-section elementor-element elementor-element-67e8ba5f elementor-section-boxed elementor-section-height-default elementor-section-height-default\" data-id=\"67e8ba5f\" data-element_type=\"section\" data-e-type=\"section\">\n\t\t\t\t\t\t<div class=\"elementor-container elementor-column-gap-default\">\n\t\t\t\t\t<div class=\"elementor-column elementor-col-100 elementor-top-column elementor-element elementor-element-5ec537e\" data-id=\"5ec537e\" data-element_type=\"column\" data-e-type=\"column\">\n\t\t\t<div class=\"elementor-widget-wrap elementor-element-populated\">\n\t\t\t\t\t\t<div class=\"elementor-element elementor-element-291a2eff elementor-widget elementor-widget-text-editor\" data-id=\"291a2eff\" data-element_type=\"widget\" data-e-type=\"widget\" data-widget_type=\"text-editor.default\">\n\t\t\t\t<div class=\"elementor-widget-container\">\n\t\t\t\t\t\t\t\t\t<p><strong>The website elitevtcparis.fr<\/strong><strong>\u00a0is published by:\u00a0<\/strong><\/p><p>WebAudit France<br \/>6 avenue Jean Jaur\u00e8s, 73000 Chamb\u00e9ry<br \/>Limited liability company with a capital of \u20ac600<br \/>RCS Chamb\u00e9ry 823 628 698<br \/>contact(@)webaudit.fr<\/p><p><strong>The website elitevtcparis.fr is published for:<\/strong><\/p><p>Company name: ABDOU TRANSPORT<br \/>Business name: Elite VTC Paris<br \/>Address: 68 AVENUE DE LA LIBERTE 94260 FRESNES<br \/>SIRET: 49194253800035<br \/>VAT number: FR77491942538<br \/>Date of creation: 01\/10\/2006<br \/>Share capital: \u20ac0<br \/>Publishing Director: ABDOULAYE GUEYE<br \/>Telephone: 06 51 55 78 97<\/p><p>Your private hire car service website in Paris was created by the Webaudit France team, specialists in website creation. <a href=\"https:\/\/www.webaudit.fr\/vtc\">website for ride-hailing drivers<\/a>\u00a0with natural referencing.<\/p><p>Find out more on <a href=\"https:\/\/annuaire-vtc-france.fr\/\">annuaire-vtc-france.fr<\/a> all of <a href=\"https:\/\/annuaire-vtc-france.fr\/vtc-75-paris\/\">private chauffeurs (VTC) in Paris<\/a>.<\/p><p><b>Hosting provider:<\/b><\/p><p>Infomaniak Network SA<br \/>25 Rue Eug\u00e8ne Marziano<br \/>1227 Les Acacias (GE)<br \/>Geneva Canton Commercial Register: CH-660.0.059.996-1<br \/>IDE number: CHE-103.167.648<br \/>VAT number: CHE-103.167.648<\/p><p><b>GDPR Regulations, Data Protection and Use of Cookies:<\/b><\/p><p>In accordance with the requirements of the General Data Protection Regulation (GDPR), we are committed to transparency and the protection of your personal data. For a clear understanding of how we collect, use, and protect your data, as well as our use of cookies to improve your experience on our website, please consult our <a href=\"#gdpr_cookie_modal\"><u>GDPR and Cookies Information Center<\/u><\/a>.<\/p><p>By clicking on this link, you will have access to our Privacy Statement and our Cookie Policy detailing our data protection and cookie usage practices, as well as your rights and choices regarding this information.<\/p><p><strong>Intellectual property<\/strong><\/p><p>All content on this site including, but not limited to, graphics, images, texts, videos, animations, sounds, logos, gifs and icons as well as their formatting are the exclusive property of WEBAUDIT FRANCE SARL with the exception of trademarks, logos or content belonging to other partner companies or authors.<br \/>Any reproduction, distribution, modification, adaptation, retransmission, or publication, even partial, of these elements is strictly prohibited without the express written consent of WEBAUDIT FRANCE SARL. Such representation or reproduction, by any means whatsoever, constitutes copyright infringement punishable under Articles L.335-2 et seq. of the French Intellectual Property Code. Failure to comply with this prohibition constitutes copyright infringement and may result in civil and criminal penalties. Furthermore, the owners of the copied content may take legal action against them.<\/p>\t\t\t\t\t\t\t\t<\/div>\n\t\t\t\t<\/div>\n\t\t\t\t\t<\/div>\n\t\t<\/div>\n\t\t\t\t\t<\/div>\n\t\t<\/section>\n\t\t\t\t<\/div>","protected":false},"excerpt":{"rendered":"<p>Le site elitevtcparis.fr\u00a0est \u00e9dit\u00e9 par :\u00a0 WebAudit France6 avenue Jean Jaur\u00e8s, 73000 Chamb\u00e9rySARL au capital de 600\u20acRCS Chamb\u00e9ry 823 628 698contact(@)webaudit.fr Le site elitevtcparis.fr est \u00e9dit\u00e9 pour : Raison sociale\u202f: ABDOU TRANSPORTNom commercial\u202f: Elite VTC ParisAdresse\u202f: 68 AVENUE DE LA LIBERTE 94260 FRESNESSIRET\u202f: 49194253800035Num\u00e9ro de TVA\u202f: FR77491942538Date de cr\u00e9ation\u202f: 01\/10\/2006Capital social\u202f: 0\u20acDirecteur de publication\u202f: ABDOULAYE [&hellip;]<\/p>\n","protected":false},"author":2,"featured_media":0,"parent":0,"menu_order":0,"comment_status":"closed","ping_status":"closed","template":"elementor_header_footer","meta":{"footnotes":""},"class_list":["post-6","page","type-page","status-publish","hentry"],"yoast_head":"<!-- This site is optimized with the Yoast SEO plugin v27.2 - https:\/\/yoast.com\/product\/yoast-seo-wordpress\/ -->\n<title>Mentions L\u00e9gales - Elite VTC Paris<\/title>\n<meta name=\"robots\" content=\"index, follow, max-snippet:-1, max-image-preview:large, max-video-preview:-1\" \/>\n<link rel=\"canonical\" href=\"https:\/\/elitevtcparis.fr\/en\/legal-notices\/\" \/>\n<meta name=\"twitter:label1\" content=\"Estimated reading time\" \/>\n\t<meta name=\"twitter:data1\" content=\"3 minutes\" \/>\n<script type=\"application\/ld+json\" class=\"yoast-schema-graph\">{\"@context\":\"https:\/\/schema.org\",\"@graph\":[{\"@type\":\"WebPage\",\"@id\":\"https:\/\/elitevtcparis.fr\/mentions-legales\/\",\"url\":\"https:\/\/elitevtcparis.fr\/mentions-legales\/\",\"name\":\"Mentions L\u00e9gales - Elite VTC Paris\",\"isPartOf\":{\"@id\":\"https:\/\/elitevtcparis.fr\/#website\"},\"datePublished\":\"2019-03-04T13:21:05+00:00\",\"dateModified\":\"2025-07-23T07:36:43+00:00\",\"breadcrumb\":{\"@id\":\"https:\/\/elitevtcparis.fr\/mentions-legales\/#breadcrumb\"},\"inLanguage\":\"en-GB\",\"potentialAction\":[{\"@type\":\"ReadAction\",\"target\":[\"https:\/\/elitevtcparis.fr\/mentions-legales\/\"]}]},{\"@type\":\"BreadcrumbList\",\"@id\":\"https:\/\/elitevtcparis.fr\/mentions-legales\/#breadcrumb\",\"itemListElement\":[{\"@type\":\"ListItem\",\"position\":1,\"name\":\"Accueil\",\"item\":\"https:\/\/elitevtcparis.fr\/\"},{\"@type\":\"ListItem\",\"position\":2,\"name\":\"Mentions L\u00e9gales\"}]},{\"@type\":\"WebSite\",\"@id\":\"https:\/\/elitevtcparis.fr\/#website\",\"url\":\"https:\/\/elitevtcparis.fr\/\",\"name\":\"Elite VTC Paris\",\"description\":\"R\u00e9server Chauffeur priv\u00e9 VTC \u00e0 Paris en berline et van \u00e9cologiques\",\"publisher\":{\"@id\":\"https:\/\/elitevtcparis.fr\/#organization\"},\"potentialAction\":[{\"@type\":\"SearchAction\",\"target\":{\"@type\":\"EntryPoint\",\"urlTemplate\":\"https:\/\/elitevtcparis.fr\/?s={search_term_string}\"},\"query-input\":{\"@type\":\"PropertyValueSpecification\",\"valueRequired\":true,\"valueName\":\"search_term_string\"}}],\"inLanguage\":\"en-GB\"},{\"@type\":\"Organization\",\"@id\":\"https:\/\/elitevtcparis.fr\/#organization\",\"name\":\"Elite VTC Paris\",\"url\":\"https:\/\/elitevtcparis.fr\/\",\"logo\":{\"@type\":\"ImageObject\",\"inLanguage\":\"en-GB\",\"@id\":\"https:\/\/elitevtcparis.fr\/#\/schema\/logo\/image\/\",\"url\":\"https:\/\/elitevtcparis.fr\/wp-content\/uploads\/2025\/12\/cropped-nouveau-logo-elite-vtc-paris-transparent.webp\",\"contentUrl\":\"https:\/\/elitevtcparis.fr\/wp-content\/uploads\/2025\/12\/cropped-nouveau-logo-elite-vtc-paris-transparent.webp\",\"width\":324,\"height\":249,\"caption\":\"Elite VTC Paris\"},\"image\":{\"@id\":\"https:\/\/elitevtcparis.fr\/#\/schema\/logo\/image\/\"}}]}<\/script>\n<!-- \/ Yoast SEO plugin. -->","yoast_head_json":{"title":"Legal Notice - Elite VTC Paris","robots":{"index":"index","follow":"follow","max-snippet":"max-snippet:-1","max-image-preview":"max-image-preview:large","max-video-preview":"max-video-preview:-1"},"canonical":"https:\/\/elitevtcparis.fr\/en\/legal-notices\/","twitter_misc":{"Estimated reading time":"3 minutes"},"schema":{"@context":"https:\/\/schema.org","@graph":[{"@type":"WebPage","@id":"https:\/\/elitevtcparis.fr\/mentions-legales\/","url":"https:\/\/elitevtcparis.fr\/mentions-legales\/","name":"Legal Notice - Elite VTC Paris","isPartOf":{"@id":"https:\/\/elitevtcparis.fr\/#website"},"datePublished":"2019-03-04T13:21:05+00:00","dateModified":"2025-07-23T07:36:43+00:00","breadcrumb":{"@id":"https:\/\/elitevtcparis.fr\/mentions-legales\/#breadcrumb"},"inLanguage":"en-GB","potentialAction":[{"@type":"ReadAction","target":["https:\/\/elitevtcparis.fr\/mentions-legales\/"]}]},{"@type":"BreadcrumbList","@id":"https:\/\/elitevtcparis.fr\/mentions-legales\/#breadcrumb","itemListElement":[{"@type":"ListItem","position":1,"name":"Accueil","item":"https:\/\/elitevtcparis.fr\/"},{"@type":"ListItem","position":2,"name":"Mentions L\u00e9gales"}]},{"@type":"WebSite","@id":"https:\/\/elitevtcparis.fr\/#website","url":"https:\/\/elitevtcparis.fr\/","name":"Elite Private Driver Paris","description":"Book a private chauffeur service in Paris with an eco-friendly sedan or van","publisher":{"@id":"https:\/\/elitevtcparis.fr\/#organization"},"potentialAction":[{"@type":"SearchAction","target":{"@type":"EntryPoint","urlTemplate":"https:\/\/elitevtcparis.fr\/?s={search_term_string}"},"query-input":{"@type":"PropertyValueSpecification","valueRequired":true,"valueName":"search_term_string"}}],"inLanguage":"en-GB"},{"@type":"Organization","@id":"https:\/\/elitevtcparis.fr\/#organization","name":"Elite Private Driver Paris","url":"https:\/\/elitevtcparis.fr\/","logo":{"@type":"ImageObject","inLanguage":"en-GB","@id":"https:\/\/elitevtcparis.fr\/#\/schema\/logo\/image\/","url":"https:\/\/elitevtcparis.fr\/wp-content\/uploads\/2025\/12\/cropped-nouveau-logo-elite-vtc-paris-transparent.webp","contentUrl":"https:\/\/elitevtcparis.fr\/wp-content\/uploads\/2025\/12\/cropped-nouveau-logo-elite-vtc-paris-transparent.webp","width":324,"height":249,"caption":"Elite VTC Paris"},"image":{"@id":"https:\/\/elitevtcparis.fr\/#\/schema\/logo\/image\/"}}]}},"_links":{"self":[{"href":"https:\/\/elitevtcparis.fr\/en\/wp-json\/wp\/v2\/pages\/6","targetHints":{"allow":["GET"]}}],"collection":[{"href":"https:\/\/elitevtcparis.fr\/en\/wp-json\/wp\/v2\/pages"}],"about":[{"href":"https:\/\/elitevtcparis.fr\/en\/wp-json\/wp\/v2\/types\/page"}],"author":[{"embeddable":true,"href":"https:\/\/elitevtcparis.fr\/en\/wp-json\/wp\/v2\/users\/2"}],"replies":[{"embeddable":true,"href":"https:\/\/elitevtcparis.fr\/en\/wp-json\/wp\/v2\/comments?post=6"}],"version-history":[{"count":0,"href":"https:\/\/elitevtcparis.fr\/en\/wp-json\/wp\/v2\/pages\/6\/revisions"}],"wp:attachment":[{"href":"https:\/\/elitevtcparis.fr\/en\/wp-json\/wp\/v2\/media?parent=6"}],"curies":[{"name":"wp","href":"https:\/\/api.w.org\/{rel}","templated":true}]}}