{"id":6,"date":"2019-03-04T14:21:05","date_gmt":"2019-03-04T13:21:05","guid":{"rendered":"https:\/\/elitevtcparis.fr\/?page_id=6"},"modified":"2025-07-23T09:36:43","modified_gmt":"2025-07-23T07:36:43","slug":"%d1%8e%d1%80%d0%b8%d0%b4%d0%b8%d1%87%d0%b5%d1%81%d0%ba%d0%b8%d0%b5-%d1%83%d0%b2%d0%b5%d0%b4%d0%be%d0%bc%d0%bb%d0%b5%d0%bd%d0%b8%d1%8f","status":"publish","type":"page","link":"https:\/\/elitevtcparis.fr\/ru\/mentions-legales\/","title":{"rendered":"\u042e\u0440\u0438\u0434\u0438\u0447\u0435\u0441\u043a\u0438\u0435 \u0443\u0432\u0435\u0434\u043e\u043c\u043b\u0435\u043d\u0438\u044f"},"content":{"rendered":"<div data-elementor-type=\"wp-post\" data-elementor-id=\"6\" class=\"elementor elementor-6\" data-elementor-post-type=\"page\">\n\t\t\t\t\t\t<section class=\"elementor-section elementor-top-section elementor-element elementor-element-67e8ba5f elementor-section-boxed elementor-section-height-default elementor-section-height-default\" data-id=\"67e8ba5f\" data-element_type=\"section\" data-e-type=\"section\">\n\t\t\t\t\t\t<div class=\"elementor-container elementor-column-gap-default\">\n\t\t\t\t\t<div class=\"elementor-column elementor-col-100 elementor-top-column elementor-element elementor-element-5ec537e\" data-id=\"5ec537e\" data-element_type=\"column\" data-e-type=\"column\">\n\t\t\t<div class=\"elementor-widget-wrap elementor-element-populated\">\n\t\t\t\t\t\t<div class=\"elementor-element elementor-element-291a2eff elementor-widget elementor-widget-text-editor\" data-id=\"291a2eff\" data-element_type=\"widget\" data-e-type=\"widget\" data-widget_type=\"text-editor.default\">\n\t\t\t\t<div class=\"elementor-widget-container\">\n\t\t\t\t\t\t\t\t\t<p><strong>\u0421\u0430\u0439\u0442 elitevtcparis.fr<\/strong><strong>\u00a0\u0418\u0437\u0434\u0430\u0442\u0435\u043b\u044c:\u00a0<\/strong><\/p><p>WebAudit \u0424\u0440\u0430\u043d\u0446\u0438\u044f<br \/>\u0430\u0432\u0435\u043d\u044e \u0416\u0430\u043d\u0430 \u0416\u043e\u0440\u0435\u0441\u0430, 6, 73000 \u0428\u0430\u043c\u0431\u0435\u0440\u0438<br \/>\u041e\u0431\u0449\u0435\u0441\u0442\u0432\u043e \u0441 \u043e\u0433\u0440\u0430\u043d\u0438\u0447\u0435\u043d\u043d\u043e\u0439 \u043e\u0442\u0432\u0435\u0442\u0441\u0442\u0432\u0435\u043d\u043d\u043e\u0441\u0442\u044c\u044e \u0441 \u0443\u0441\u0442\u0430\u0432\u043d\u044b\u043c \u043a\u0430\u043f\u0438\u0442\u0430\u043b\u043e\u043c \u0432 600 \u0435\u0432\u0440\u043e.<br \/>RCS Chamb\u00e9ry 823 628 698<br \/>contact(@)webaudit.fr<\/p><p><strong>\u0421\u0430\u0439\u0442 elitevtcparis.fr \u0441\u043e\u0437\u0434\u0430\u043d \u0434\u043b\u044f:<\/strong><\/p><p>\u041d\u0430\u0437\u0432\u0430\u043d\u0438\u0435 \u043a\u043e\u043c\u043f\u0430\u043d\u0438\u0438: ABDOU TRANSPORT<br \/>\u041d\u0430\u0437\u0432\u0430\u043d\u0438\u0435 \u043a\u043e\u043c\u043f\u0430\u043d\u0438\u0438: Elite VTC Paris<br \/>\u0410\u0434\u0440\u0435\u0441: 68 AVENUE DE LA LIBERTE 94260 FRESNES<br \/>SIRET: 49194253800035<br \/>\u041d\u043e\u043c\u0435\u0440 \u043f\u043b\u0430\u0442\u0435\u043b\u044c\u0449\u0438\u043a\u0430 \u041d\u0414\u0421: FR77491942538<br \/>\u0414\u0430\u0442\u0430 \u0441\u043e\u0437\u0434\u0430\u043d\u0438\u044f: 01.10.2006<br \/>\u0423\u0441\u0442\u0430\u0432\u043d\u044b\u0439 \u043a\u0430\u043f\u0438\u0442\u0430\u043b: 0 \u0435\u0432\u0440\u043e<br \/>\u0418\u0437\u0434\u0430\u0442\u0435\u043b\u044c\u0441\u043a\u0438\u0439 \u0434\u0438\u0440\u0435\u043a\u0442\u043e\u0440: \u0410\u0411\u0414\u0423\u041b\u0410\u0419\u0415 \u0413\u0423\u0419\u0415<br \/>\u0422\u0435\u043b\u0435\u0444\u043e\u043d: 06 51 55 78 97<\/p><p>\u0412\u0430\u0448 \u0441\u0430\u0439\u0442 \u0441\u043b\u0443\u0436\u0431\u044b \u0442\u0430\u043a\u0441\u0438 \u0432 \u041f\u0430\u0440\u0438\u0436\u0435 \u0431\u044b\u043b \u0441\u043e\u0437\u0434\u0430\u043d \u043a\u043e\u043c\u0430\u043d\u0434\u043e\u0439 Webaudit France, \u0441\u043f\u0435\u0446\u0438\u0430\u043b\u0438\u0441\u0442\u0430\u043c\u0438 \u043f\u043e \u0432\u0435\u0431-\u0440\u0430\u0437\u0440\u0430\u0431\u043e\u0442\u043a\u0435. <a href=\"https:\/\/www.webaudit.fr\/vtc\">\u0432\u0435\u0431-\u0441\u0430\u0439\u0442 \u0434\u043b\u044f \u0432\u043e\u0434\u0438\u0442\u0435\u043b\u0435\u0439 \u0441\u043b\u0443\u0436\u0431 \u0442\u0430\u043a\u0441\u0438<\/a>\u00a0\u0441 \u0438\u0441\u043f\u043e\u043b\u044c\u0437\u043e\u0432\u0430\u043d\u0438\u0435\u043c \u0435\u0441\u0442\u0435\u0441\u0442\u0432\u0435\u043d\u043d\u044b\u0445 \u0441\u0441\u044b\u043b\u043e\u043a.<\/p><p>\u0423\u0437\u043d\u0430\u0439\u0442\u0435 \u0431\u043e\u043b\u044c\u0448\u0435 \u043d\u0430 <a href=\"https:\/\/annuaire-vtc-france.fr\/\">annuaire-vtc-france.fr<\/a> \u0432\u0441\u0435 \u0438\u0437 <a href=\"https:\/\/annuaire-vtc-france.fr\/vtc-75-paris\/\">\u0418\u043d\u0434\u0438\u0432\u0438\u0434\u0443\u0430\u043b\u044c\u043d\u044b\u0435 \u0432\u043e\u0434\u0438\u0442\u0435\u043b\u0438 (VTC) \u0432 \u041f\u0430\u0440\u0438\u0436\u0435<\/a>.<\/p><p><b>\u0425\u043e\u0441\u0442\u0438\u043d\u0433-\u043f\u0440\u043e\u0432\u0430\u0439\u0434\u0435\u0440:<\/b><\/p><p>Infomaniak Network SA<br \/>25 Rue Eug\u00e8ne Marziano<br \/>1227 Les Acacias (GE)<br \/>\u0422\u043e\u0440\u0433\u043e\u0432\u044b\u0439 \u0440\u0435\u0433\u0438\u0441\u0442\u0440 \u043a\u0430\u043d\u0442\u043e\u043d\u0430 \u0416\u0435\u043d\u0435\u0432\u0430: CH-660.0.059.996-1<br \/>\u041d\u043e\u043c\u0435\u0440 IDE: CHE-103.167.648<br \/>\u041d\u043e\u043c\u0435\u0440 \u043f\u043b\u0430\u0442\u0435\u043b\u044c\u0449\u0438\u043a\u0430 \u041d\u0414\u0421: CHE-103.167.648<\/p><p><b>\u0420\u0435\u0433\u043b\u0430\u043c\u0435\u043d\u0442 GDPR, \u0437\u0430\u0449\u0438\u0442\u0430 \u0434\u0430\u043d\u043d\u044b\u0445 \u0438 \u0438\u0441\u043f\u043e\u043b\u044c\u0437\u043e\u0432\u0430\u043d\u0438\u0435 \u0444\u0430\u0439\u043b\u043e\u0432 cookie:<\/b><\/p><p>\u0412 \u0441\u043e\u043e\u0442\u0432\u0435\u0442\u0441\u0442\u0432\u0438\u0438 \u0441 \u0442\u0440\u0435\u0431\u043e\u0432\u0430\u043d\u0438\u044f\u043c\u0438 \u041e\u0431\u0449\u0435\u0433\u043e \u0440\u0435\u0433\u043b\u0430\u043c\u0435\u043d\u0442\u0430 \u043f\u043e \u0437\u0430\u0449\u0438\u0442\u0435 \u0434\u0430\u043d\u043d\u044b\u0445 (GDPR), \u043c\u044b \u0441\u0442\u0440\u0435\u043c\u0438\u043c\u0441\u044f \u043a \u043f\u0440\u043e\u0437\u0440\u0430\u0447\u043d\u043e\u0441\u0442\u0438 \u0438 \u0437\u0430\u0449\u0438\u0442\u0435 \u0432\u0430\u0448\u0438\u0445 \u043f\u0435\u0440\u0441\u043e\u043d\u0430\u043b\u044c\u043d\u044b\u0445 \u0434\u0430\u043d\u043d\u044b\u0445. \u0414\u043b\u044f \u043f\u043e\u043b\u0443\u0447\u0435\u043d\u0438\u044f \u0447\u0435\u0442\u043a\u043e\u0433\u043e \u043f\u043e\u043d\u0438\u043c\u0430\u043d\u0438\u044f \u0442\u043e\u0433\u043e, \u043a\u0430\u043a \u043c\u044b \u0441\u043e\u0431\u0438\u0440\u0430\u0435\u043c, \u0438\u0441\u043f\u043e\u043b\u044c\u0437\u0443\u0435\u043c \u0438 \u0437\u0430\u0449\u0438\u0449\u0430\u0435\u043c \u0432\u0430\u0448\u0438 \u0434\u0430\u043d\u043d\u044b\u0435, \u0430 \u0442\u0430\u043a\u0436\u0435 \u0438\u0441\u043f\u043e\u043b\u044c\u0437\u043e\u0432\u0430\u043d\u0438\u044f \u0444\u0430\u0439\u043b\u043e\u0432 cookie \u0434\u043b\u044f \u0443\u043b\u0443\u0447\u0448\u0435\u043d\u0438\u044f \u0432\u0430\u0448\u0435\u0433\u043e \u0432\u0437\u0430\u0438\u043c\u043e\u0434\u0435\u0439\u0441\u0442\u0432\u0438\u044f \u0441 \u043d\u0430\u0448\u0438\u043c \u0432\u0435\u0431-\u0441\u0430\u0439\u0442\u043e\u043c, \u043f\u043e\u0436\u0430\u043b\u0443\u0439\u0441\u0442\u0430, \u043e\u0437\u043d\u0430\u043a\u043e\u043c\u044c\u0442\u0435\u0441\u044c \u0441 \u043d\u0430\u0448\u0435\u0439 \u043f\u043e\u043b\u0438\u0442\u0438\u043a\u043e\u0439 \u043a\u043e\u043d\u0444\u0438\u0434\u0435\u043d\u0446\u0438\u0430\u043b\u044c\u043d\u043e\u0441\u0442\u0438. <a href=\"#gdpr_cookie_modal\"><u>\u0418\u043d\u0444\u043e\u0440\u043c\u0430\u0446\u0438\u043e\u043d\u043d\u044b\u0439 \u0446\u0435\u043d\u0442\u0440 \u043f\u043e GDPR \u0438 \u0444\u0430\u0439\u043b\u0430\u043c cookie<\/u><\/a>.<\/p><p>\u041f\u0435\u0440\u0435\u0439\u0434\u044f \u043f\u043e \u044d\u0442\u043e\u0439 \u0441\u0441\u044b\u043b\u043a\u0435, \u0432\u044b \u043f\u043e\u043b\u0443\u0447\u0438\u0442\u0435 \u0434\u043e\u0441\u0442\u0443\u043f \u043a \u043d\u0430\u0448\u0435\u0439 \u041f\u043e\u043b\u0438\u0442\u0438\u043a\u0435 \u043a\u043e\u043d\u0444\u0438\u0434\u0435\u043d\u0446\u0438\u0430\u043b\u044c\u043d\u043e\u0441\u0442\u0438 \u0438 \u041f\u043e\u043b\u0438\u0442\u0438\u043a\u0435 \u0438\u0441\u043f\u043e\u043b\u044c\u0437\u043e\u0432\u0430\u043d\u0438\u044f \u0444\u0430\u0439\u043b\u043e\u0432 cookie, \u0432 \u043a\u043e\u0442\u043e\u0440\u044b\u0445 \u043f\u043e\u0434\u0440\u043e\u0431\u043d\u043e \u043e\u043f\u0438\u0441\u0430\u043d\u044b \u043d\u0430\u0448\u0438 \u043c\u0435\u0442\u043e\u0434\u044b \u0437\u0430\u0449\u0438\u0442\u044b \u0434\u0430\u043d\u043d\u044b\u0445 \u0438 \u0438\u0441\u043f\u043e\u043b\u044c\u0437\u043e\u0432\u0430\u043d\u0438\u044f \u0444\u0430\u0439\u043b\u043e\u0432 cookie, \u0430 \u0442\u0430\u043a\u0436\u0435 \u0432\u0430\u0448\u0438 \u043f\u0440\u0430\u0432\u0430 \u0438 \u0432\u043e\u0437\u043c\u043e\u0436\u043d\u043e\u0441\u0442\u0438 \u0432 \u043e\u0442\u043d\u043e\u0448\u0435\u043d\u0438\u0438 \u044d\u0442\u043e\u0439 \u0438\u043d\u0444\u043e\u0440\u043c\u0430\u0446\u0438\u0438.<\/p><p><strong>\u0418\u043d\u0442\u0435\u043b\u043b\u0435\u043a\u0442\u0443\u0430\u043b\u044c\u043d\u0430\u044f \u0441\u043e\u0431\u0441\u0442\u0432\u0435\u043d\u043d\u043e\u0441\u0442\u044c<\/strong><\/p><p>\u0412\u0435\u0441\u044c \u043a\u043e\u043d\u0442\u0435\u043d\u0442 \u043d\u0430 \u044d\u0442\u043e\u043c \u0441\u0430\u0439\u0442\u0435, \u0432\u043a\u043b\u044e\u0447\u0430\u044f, \u043f\u043e\u043c\u0438\u043c\u043e \u043f\u0440\u043e\u0447\u0435\u0433\u043e, \u0433\u0440\u0430\u0444\u0438\u043a\u0443, \u0438\u0437\u043e\u0431\u0440\u0430\u0436\u0435\u043d\u0438\u044f, \u0442\u0435\u043a\u0441\u0442\u044b, \u0432\u0438\u0434\u0435\u043e, \u0430\u043d\u0438\u043c\u0430\u0446\u0438\u044e, \u0437\u0432\u0443\u043a\u0438, \u043b\u043e\u0433\u043e\u0442\u0438\u043f\u044b, GIF-\u0444\u0430\u0439\u043b\u044b \u0438 \u0437\u043d\u0430\u0447\u043a\u0438, \u0430 \u0442\u0430\u043a\u0436\u0435 \u0438\u0445 \u0444\u043e\u0440\u043c\u0430\u0442\u0438\u0440\u043e\u0432\u0430\u043d\u0438\u0435, \u044f\u0432\u043b\u044f\u0435\u0442\u0441\u044f \u0438\u0441\u043a\u043b\u044e\u0447\u0438\u0442\u0435\u043b\u044c\u043d\u043e\u0439 \u0441\u043e\u0431\u0441\u0442\u0432\u0435\u043d\u043d\u043e\u0441\u0442\u044c\u044e WEBAUDIT FRANCE SARL, \u0437\u0430 \u0438\u0441\u043a\u043b\u044e\u0447\u0435\u043d\u0438\u0435\u043c \u0442\u043e\u0432\u0430\u0440\u043d\u044b\u0445 \u0437\u043d\u0430\u043a\u043e\u0432, \u043b\u043e\u0433\u043e\u0442\u0438\u043f\u043e\u0432 \u0438\u043b\u0438 \u043a\u043e\u043d\u0442\u0435\u043d\u0442\u0430, \u043f\u0440\u0438\u043d\u0430\u0434\u043b\u0435\u0436\u0430\u0449\u0438\u0445 \u0434\u0440\u0443\u0433\u0438\u043c \u043a\u043e\u043c\u043f\u0430\u043d\u0438\u044f\u043c-\u043f\u0430\u0440\u0442\u043d\u0435\u0440\u0430\u043c \u0438\u043b\u0438 \u0430\u0432\u0442\u043e\u0440\u0430\u043c.<br \/>\u041b\u044e\u0431\u043e\u0435 \u0432\u043e\u0441\u043f\u0440\u043e\u0438\u0437\u0432\u0435\u0434\u0435\u043d\u0438\u0435, \u0440\u0430\u0441\u043f\u0440\u043e\u0441\u0442\u0440\u0430\u043d\u0435\u043d\u0438\u0435, \u0438\u0437\u043c\u0435\u043d\u0435\u043d\u0438\u0435, \u0430\u0434\u0430\u043f\u0442\u0430\u0446\u0438\u044f, \u043f\u043e\u0432\u0442\u043e\u0440\u043d\u0430\u044f \u043f\u0435\u0440\u0435\u0434\u0430\u0447\u0430 \u0438\u043b\u0438 \u043f\u0443\u0431\u043b\u0438\u043a\u0430\u0446\u0438\u044f, \u0434\u0430\u0436\u0435 \u0447\u0430\u0441\u0442\u0438\u0447\u043d\u0430\u044f, \u044d\u0442\u0438\u0445 \u044d\u043b\u0435\u043c\u0435\u043d\u0442\u043e\u0432 \u0441\u0442\u0440\u043e\u0433\u043e \u0437\u0430\u043f\u0440\u0435\u0449\u0435\u043d\u044b \u0431\u0435\u0437 \u043f\u0440\u044f\u043c\u043e\u0433\u043e \u043f\u0438\u0441\u044c\u043c\u0435\u043d\u043d\u043e\u0433\u043e \u0441\u043e\u0433\u043b\u0430\u0441\u0438\u044f WEBAUDIT FRANCE SARL. \u0422\u0430\u043a\u043e\u0435 \u043f\u0440\u0435\u0434\u0441\u0442\u0430\u0432\u043b\u0435\u043d\u0438\u0435 \u0438\u043b\u0438 \u0432\u043e\u0441\u043f\u0440\u043e\u0438\u0437\u0432\u0435\u0434\u0435\u043d\u0438\u0435 \u043b\u044e\u0431\u044b\u043c\u0438 \u0441\u0440\u0435\u0434\u0441\u0442\u0432\u0430\u043c\u0438 \u044f\u0432\u043b\u044f\u0435\u0442\u0441\u044f \u043d\u0430\u0440\u0443\u0448\u0435\u043d\u0438\u0435\u043c \u0430\u0432\u0442\u043e\u0440\u0441\u043a\u0438\u0445 \u043f\u0440\u0430\u0432, \u043d\u0430\u043a\u0430\u0437\u0443\u0435\u043c\u044b\u043c \u0432 \u0441\u043e\u043e\u0442\u0432\u0435\u0442\u0441\u0442\u0432\u0438\u0438 \u0441\u043e \u0441\u0442\u0430\u0442\u044c\u044f\u043c\u0438 L.335-2 \u0438 \u043f\u043e\u0441\u043b\u0435\u0434\u0443\u044e\u0449\u0438\u043c\u0438 \u0441\u0442\u0430\u0442\u044c\u044f\u043c\u0438 \u0424\u0440\u0430\u043d\u0446\u0443\u0437\u0441\u043a\u043e\u0433\u043e \u043a\u043e\u0434\u0435\u043a\u0441\u0430 \u0438\u043d\u0442\u0435\u043b\u043b\u0435\u043a\u0442\u0443\u0430\u043b\u044c\u043d\u043e\u0439 \u0441\u043e\u0431\u0441\u0442\u0432\u0435\u043d\u043d\u043e\u0441\u0442\u0438. \u041d\u0435\u0441\u043e\u0431\u043b\u044e\u0434\u0435\u043d\u0438\u0435 \u044d\u0442\u043e\u0433\u043e \u0437\u0430\u043f\u0440\u0435\u0442\u0430 \u044f\u0432\u043b\u044f\u0435\u0442\u0441\u044f \u043d\u0430\u0440\u0443\u0448\u0435\u043d\u0438\u0435\u043c \u0430\u0432\u0442\u043e\u0440\u0441\u043a\u0438\u0445 \u043f\u0440\u0430\u0432 \u0438 \u043c\u043e\u0436\u0435\u0442 \u043f\u043e\u0432\u043b\u0435\u0447\u044c \u0437\u0430 \u0441\u043e\u0431\u043e\u0439 \u0433\u0440\u0430\u0436\u0434\u0430\u043d\u0441\u043a\u0443\u044e \u0438 \u0443\u0433\u043e\u043b\u043e\u0432\u043d\u0443\u044e \u043e\u0442\u0432\u0435\u0442\u0441\u0442\u0432\u0435\u043d\u043d\u043e\u0441\u0442\u044c. \u041a\u0440\u043e\u043c\u0435 \u0442\u043e\u0433\u043e, \u0432\u043b\u0430\u0434\u0435\u043b\u044c\u0446\u044b \u0441\u043a\u043e\u043f\u0438\u0440\u043e\u0432\u0430\u043d\u043d\u043e\u0433\u043e \u043a\u043e\u043d\u0442\u0435\u043d\u0442\u0430 \u043c\u043e\u0433\u0443\u0442 \u043f\u043e\u0434\u0430\u0442\u044c \u043f\u0440\u043e\u0442\u0438\u0432 \u043d\u0438\u0445 \u0438\u0441\u043a.<\/p>\t\t\t\t\t\t\t\t<\/div>\n\t\t\t\t<\/div>\n\t\t\t\t\t<\/div>\n\t\t<\/div>\n\t\t\t\t\t<\/div>\n\t\t<\/section>\n\t\t\t\t<\/div>","protected":false},"excerpt":{"rendered":"<p>Le site elitevtcparis.fr\u00a0est \u00e9dit\u00e9 par :\u00a0 WebAudit France6 avenue Jean Jaur\u00e8s, 73000 Chamb\u00e9rySARL au capital de 600\u20acRCS Chamb\u00e9ry 823 628 698contact(@)webaudit.fr Le site elitevtcparis.fr est \u00e9dit\u00e9 pour : Raison sociale\u202f: ABDOU TRANSPORTNom commercial\u202f: Elite VTC ParisAdresse\u202f: 68 AVENUE DE LA LIBERTE 94260 FRESNESSIRET\u202f: 49194253800035Num\u00e9ro de TVA\u202f: FR77491942538Date de cr\u00e9ation\u202f: 01\/10\/2006Capital social\u202f: 0\u20acDirecteur de publication\u202f: ABDOULAYE [&hellip;]<\/p>\n","protected":false},"author":2,"featured_media":0,"parent":0,"menu_order":0,"comment_status":"closed","ping_status":"closed","template":"elementor_header_footer","meta":{"footnotes":""},"class_list":["post-6","page","type-page","status-publish","hentry"],"yoast_head":"<!-- This site is optimized with the Yoast SEO plugin v27.2 - https:\/\/yoast.com\/product\/yoast-seo-wordpress\/ -->\n<title>Mentions L\u00e9gales - Elite VTC Paris<\/title>\n<meta name=\"robots\" content=\"index, follow, max-snippet:-1, max-image-preview:large, max-video-preview:-1\" \/>\n<link rel=\"canonical\" href=\"https:\/\/elitevtcparis.fr\/ru\/\u044e\u0440\u0438\u0434\u0438\u0447\u0435\u0441\u043a\u0438\u0435-\u0443\u0432\u0435\u0434\u043e\u043c\u043b\u0435\u043d\u0438\u044f\/\" \/>\n<meta name=\"twitter:label1\" content=\"\u041f\u0440\u0438\u043c\u0435\u0440\u043d\u043e\u0435 \u0432\u0440\u0435\u043c\u044f \u0434\u043b\u044f \u0447\u0442\u0435\u043d\u0438\u044f\" \/>\n\t<meta name=\"twitter:data1\" content=\"3 \u043c\u0438\u043d\u0443\u0442\u044b\" \/>\n<script type=\"application\/ld+json\" class=\"yoast-schema-graph\">{\"@context\":\"https:\/\/schema.org\",\"@graph\":[{\"@type\":\"WebPage\",\"@id\":\"https:\/\/elitevtcparis.fr\/mentions-legales\/\",\"url\":\"https:\/\/elitevtcparis.fr\/mentions-legales\/\",\"name\":\"Mentions L\u00e9gales - Elite VTC Paris\",\"isPartOf\":{\"@id\":\"https:\/\/elitevtcparis.fr\/#website\"},\"datePublished\":\"2019-03-04T13:21:05+00:00\",\"dateModified\":\"2025-07-23T07:36:43+00:00\",\"breadcrumb\":{\"@id\":\"https:\/\/elitevtcparis.fr\/mentions-legales\/#breadcrumb\"},\"inLanguage\":\"ru-RU\",\"potentialAction\":[{\"@type\":\"ReadAction\",\"target\":[\"https:\/\/elitevtcparis.fr\/mentions-legales\/\"]}]},{\"@type\":\"BreadcrumbList\",\"@id\":\"https:\/\/elitevtcparis.fr\/mentions-legales\/#breadcrumb\",\"itemListElement\":[{\"@type\":\"ListItem\",\"position\":1,\"name\":\"Accueil\",\"item\":\"https:\/\/elitevtcparis.fr\/\"},{\"@type\":\"ListItem\",\"position\":2,\"name\":\"Mentions L\u00e9gales\"}]},{\"@type\":\"WebSite\",\"@id\":\"https:\/\/elitevtcparis.fr\/#website\",\"url\":\"https:\/\/elitevtcparis.fr\/\",\"name\":\"Elite VTC Paris\",\"description\":\"R\u00e9server Chauffeur priv\u00e9 VTC \u00e0 Paris en berline et van \u00e9cologiques\",\"publisher\":{\"@id\":\"https:\/\/elitevtcparis.fr\/#organization\"},\"potentialAction\":[{\"@type\":\"SearchAction\",\"target\":{\"@type\":\"EntryPoint\",\"urlTemplate\":\"https:\/\/elitevtcparis.fr\/?s={search_term_string}\"},\"query-input\":{\"@type\":\"PropertyValueSpecification\",\"valueRequired\":true,\"valueName\":\"search_term_string\"}}],\"inLanguage\":\"ru-RU\"},{\"@type\":\"Organization\",\"@id\":\"https:\/\/elitevtcparis.fr\/#organization\",\"name\":\"Elite VTC Paris\",\"url\":\"https:\/\/elitevtcparis.fr\/\",\"logo\":{\"@type\":\"ImageObject\",\"inLanguage\":\"ru-RU\",\"@id\":\"https:\/\/elitevtcparis.fr\/#\/schema\/logo\/image\/\",\"url\":\"https:\/\/elitevtcparis.fr\/wp-content\/uploads\/2025\/12\/cropped-nouveau-logo-elite-vtc-paris-transparent.webp\",\"contentUrl\":\"https:\/\/elitevtcparis.fr\/wp-content\/uploads\/2025\/12\/cropped-nouveau-logo-elite-vtc-paris-transparent.webp\",\"width\":324,\"height\":249,\"caption\":\"Elite VTC Paris\"},\"image\":{\"@id\":\"https:\/\/elitevtcparis.fr\/#\/schema\/logo\/image\/\"}}]}<\/script>\n<!-- \/ Yoast SEO plugin. -->","yoast_head_json":{"title":"\u042e\u0440\u0438\u0434\u0438\u0447\u0435\u0441\u043a\u0430\u044f \u0438\u043d\u0444\u043e\u0440\u043c\u0430\u0446\u0438\u044f - Elite VTC Paris","robots":{"index":"index","follow":"follow","max-snippet":"max-snippet:-1","max-image-preview":"max-image-preview:large","max-video-preview":"max-video-preview:-1"},"canonical":"https:\/\/elitevtcparis.fr\/ru\/\u044e\u0440\u0438\u0434\u0438\u0447\u0435\u0441\u043a\u0438\u0435-\u0443\u0432\u0435\u0434\u043e\u043c\u043b\u0435\u043d\u0438\u044f\/","twitter_misc":{"\u041f\u0440\u0438\u043c\u0435\u0440\u043d\u043e\u0435 \u0432\u0440\u0435\u043c\u044f \u0434\u043b\u044f \u0447\u0442\u0435\u043d\u0438\u044f":"3 \u043c\u0438\u043d\u0443\u0442\u044b"},"schema":{"@context":"https:\/\/schema.org","@graph":[{"@type":"WebPage","@id":"https:\/\/elitevtcparis.fr\/mentions-legales\/","url":"https:\/\/elitevtcparis.fr\/mentions-legales\/","name":"\u042e\u0440\u0438\u0434\u0438\u0447\u0435\u0441\u043a\u0430\u044f \u0438\u043d\u0444\u043e\u0440\u043c\u0430\u0446\u0438\u044f - Elite VTC Paris","isPartOf":{"@id":"https:\/\/elitevtcparis.fr\/#website"},"datePublished":"2019-03-04T13:21:05+00:00","dateModified":"2025-07-23T07:36:43+00:00","breadcrumb":{"@id":"https:\/\/elitevtcparis.fr\/mentions-legales\/#breadcrumb"},"inLanguage":"ru-RU","potentialAction":[{"@type":"ReadAction","target":["https:\/\/elitevtcparis.fr\/mentions-legales\/"]}]},{"@type":"BreadcrumbList","@id":"https:\/\/elitevtcparis.fr\/mentions-legales\/#breadcrumb","itemListElement":[{"@type":"ListItem","position":1,"name":"Accueil","item":"https:\/\/elitevtcparis.fr\/"},{"@type":"ListItem","position":2,"name":"Mentions L\u00e9gales"}]},{"@type":"WebSite","@id":"https:\/\/elitevtcparis.fr\/#website","url":"https:\/\/elitevtcparis.fr\/","name":"\u042d\u043b\u0438\u0442\u043d\u044b\u0439 VTC \u041f\u0430\u0440\u0438\u0436","description":"\u0417\u0430\u043a\u0430\u0436\u0438\u0442\u0435 \u0443\u0441\u043b\u0443\u0433\u0438 \u043b\u0438\u0447\u043d\u043e\u0433\u043e \u0432\u043e\u0434\u0438\u0442\u0435\u043b\u044f \u0432 \u041f\u0430\u0440\u0438\u0436\u0435 \u043d\u0430 \u044d\u043a\u043e\u043b\u043e\u0433\u0438\u0447\u0435\u0441\u043a\u0438 \u0447\u0438\u0441\u0442\u043e\u043c \u0441\u0435\u0434\u0430\u043d\u0435 \u0438\u043b\u0438 \u043c\u0438\u043a\u0440\u043e\u0430\u0432\u0442\u043e\u0431\u0443\u0441\u0435.","publisher":{"@id":"https:\/\/elitevtcparis.fr\/#organization"},"potentialAction":[{"@type":"SearchAction","target":{"@type":"EntryPoint","urlTemplate":"https:\/\/elitevtcparis.fr\/?s={search_term_string}"},"query-input":{"@type":"PropertyValueSpecification","valueRequired":true,"valueName":"search_term_string"}}],"inLanguage":"ru-RU"},{"@type":"Organization","@id":"https:\/\/elitevtcparis.fr\/#organization","name":"\u042d\u043b\u0438\u0442\u043d\u044b\u0439 VTC \u041f\u0430\u0440\u0438\u0436","url":"https:\/\/elitevtcparis.fr\/","logo":{"@type":"ImageObject","inLanguage":"ru-RU","@id":"https:\/\/elitevtcparis.fr\/#\/schema\/logo\/image\/","url":"https:\/\/elitevtcparis.fr\/wp-content\/uploads\/2025\/12\/cropped-nouveau-logo-elite-vtc-paris-transparent.webp","contentUrl":"https:\/\/elitevtcparis.fr\/wp-content\/uploads\/2025\/12\/cropped-nouveau-logo-elite-vtc-paris-transparent.webp","width":324,"height":249,"caption":"Elite VTC Paris"},"image":{"@id":"https:\/\/elitevtcparis.fr\/#\/schema\/logo\/image\/"}}]}},"_links":{"self":[{"href":"https:\/\/elitevtcparis.fr\/ru\/wp-json\/wp\/v2\/pages\/6","targetHints":{"allow":["GET"]}}],"collection":[{"href":"https:\/\/elitevtcparis.fr\/ru\/wp-json\/wp\/v2\/pages"}],"about":[{"href":"https:\/\/elitevtcparis.fr\/ru\/wp-json\/wp\/v2\/types\/page"}],"author":[{"embeddable":true,"href":"https:\/\/elitevtcparis.fr\/ru\/wp-json\/wp\/v2\/users\/2"}],"replies":[{"embeddable":true,"href":"https:\/\/elitevtcparis.fr\/ru\/wp-json\/wp\/v2\/comments?post=6"}],"version-history":[{"count":0,"href":"https:\/\/elitevtcparis.fr\/ru\/wp-json\/wp\/v2\/pages\/6\/revisions"}],"wp:attachment":[{"href":"https:\/\/elitevtcparis.fr\/ru\/wp-json\/wp\/v2\/media?parent=6"}],"curies":[{"name":"WP","href":"https:\/\/api.w.org\/{rel}","templated":true}]}}